{"id":8,"date":"2018-03-17T22:45:37","date_gmt":"2018-03-17T22:45:37","guid":{"rendered":"http:\/\/dpex-maroc.com\/?page_id=8"},"modified":"2019-08-09T07:18:20","modified_gmt":"2019-08-09T07:18:20","slug":"comment-ca-fonctionne","status":"publish","type":"page","link":"https:\/\/dpex-maroc.com\/index.php\/comment-ca-fonctionne\/","title":{"rendered":"Comment \u00e7a fonctionne ?"},"content":{"rendered":"<div style=\"background-image: url('http:\/\/dpex-maroc.com\/wp-content\/uploads\/2018\/03\/monde1.jpg');background-repeat: no-repeat;\"><p>DPEX compare pour vous les services des transporteurs leaders sur le march\u00e9 et vous propose des services de livraison adapt\u00e9s \u00e0 vos besoins (livraison Express, Economy, door to door, A\u00e9roport, etc).<\/p>\n<p>DPEX s\u2019occupe de toutes vos op\u00e9rations de transport a\u00e9rien en Porte \u00e0 Porte. Ceci inclut les formalit\u00e9s de douane \u00e0 l\u2019export avec enl\u00e8vement et livraison compris. Notre plateforme a \u00e9t\u00e9 con\u00e7ue pour offrir aux utilisateurs un acc\u00e8s simple et intuitif \u00e0 un large choix de prestations et de prix propos\u00e9s sur le march\u00e9 par les grandes soci\u00e9t\u00e9s de transport.<\/p>\n<p>En fait, Le volume d\u2019exp\u00e9ditions que nous traitons nous permet de n\u00e9gocier des conditions int\u00e9ressantes aupr\u00e8s des soci\u00e9t\u00e9s de transport avec lesquelles nous collaborons. Ainsi, les remises importantes n\u00e9goci\u00e9es avec les transporteurs arrivent jusqu\u2019\u00e0 -70% pour les professionnels, par rapport aux prix publics nous permettent de trouver le transporteur le moins cher pour vos colis. Il faut savoir que certains transporteurs ont des tarifs tr\u00e8s \u00e9conomiques sur des zones tandis que d\u2019autres sont plus cher.<br \/>\n<img fetchpriority=\"high\" decoding=\"async\" src=\"http:\/\/dpex-maroc.com\/wp-content\/uploads\/2019\/08\/atom2.jpg\" alt=\"\" width=\"2852\" height=\"1582\" class=\"aligncenter size-full wp-image-372\" srcset=\"https:\/\/dpex-maroc.com\/wp-content\/uploads\/2019\/08\/atom2.jpg 2852w, https:\/\/dpex-maroc.com\/wp-content\/uploads\/2019\/08\/atom2-300x166.jpg 300w, https:\/\/dpex-maroc.com\/wp-content\/uploads\/2019\/08\/atom2-768x426.jpg 768w, https:\/\/dpex-maroc.com\/wp-content\/uploads\/2019\/08\/atom2-1024x568.jpg 1024w\" sizes=\"(max-width: 2852px) 100vw, 2852px\" \/><\/p>\n<\/div>","protected":false},"excerpt":{"rendered":"<p>DPEX compare pour vous les services des transporteurs leaders sur le march\u00e9 et vous propose des services de livraison adapt\u00e9s \u00e0 vos besoins (livraison Express, Economy, door to door, A\u00e9roport, etc). DPEX s\u2019occupe de toutes vos op\u00e9rations de transport a\u00e9rien en Porte \u00e0 Porte. Ceci inclut les formalit\u00e9s de douane \u00e0 l\u2019export avec enl\u00e8vement et [&hellip;]<\/p>\n","protected":false},"author":1,"featured_media":32,"parent":0,"menu_order":0,"comment_status":"closed","ping_status":"closed","template":"","meta":{"footnotes":""},"class_list":["post-8","page","type-page","status-publish","has-post-thumbnail","hentry"],"_links":{"self":[{"href":"https:\/\/dpex-maroc.com\/index.php\/wp-json\/wp\/v2\/pages\/8","targetHints":{"allow":["GET"]}}],"collection":[{"href":"https:\/\/dpex-maroc.com\/index.php\/wp-json\/wp\/v2\/pages"}],"about":[{"href":"https:\/\/dpex-maroc.com\/index.php\/wp-json\/wp\/v2\/types\/page"}],"author":[{"embeddable":true,"href":"https:\/\/dpex-maroc.com\/index.php\/wp-json\/wp\/v2\/users\/1"}],"replies":[{"embeddable":true,"href":"https:\/\/dpex-maroc.com\/index.php\/wp-json\/wp\/v2\/comments?post=8"}],"version-history":[{"count":2,"href":"https:\/\/dpex-maroc.com\/index.php\/wp-json\/wp\/v2\/pages\/8\/revisions"}],"predecessor-version":[{"id":373,"href":"https:\/\/dpex-maroc.com\/index.php\/wp-json\/wp\/v2\/pages\/8\/revisions\/373"}],"wp:featuredmedia":[{"embeddable":true,"href":"https:\/\/dpex-maroc.com\/index.php\/wp-json\/wp\/v2\/media\/32"}],"wp:attachment":[{"href":"https:\/\/dpex-maroc.com\/index.php\/wp-json\/wp\/v2\/media?parent=8"}],"curies":[{"name":"wp","href":"https:\/\/api.w.org\/{rel}","templated":true}]}}