{"id":6,"date":"2018-03-17T22:44:25","date_gmt":"2018-03-17T22:44:25","guid":{"rendered":"http:\/\/dpex-maroc.com\/?page_id=6"},"modified":"2025-07-26T13:20:21","modified_gmt":"2025-07-26T13:20:21","slug":"notre-objectif","status":"publish","type":"page","link":"https:\/\/dpex-maroc.com\/index.php\/notre-objectif\/","title":{"rendered":"Notre Objectif"},"content":{"rendered":"<div style=\"background-image: url('http:\/\/dpex-maroc.com\/wp-content\/uploads\/2018\/03\/monde1.jpg');background-repeat: no-repeat;\"><h3>Vous aider \u00e0 trouvez gratuitement les meilleurs tarifs d\u2019envoi de l\u2019ann\u00e9e&nbsp;2025 pour vos colis vers ou depuis&nbsp;le monde entier. Nous comparons et on vous donne rapidement tous les r\u00e9sultats d\u2019exp\u00e9dition les moins chers et les plus ad\u00e9quats en fonction des destinations ou des provenances.<\/h3>\n<h3>DPEX&nbsp;s.a.r.l est con\u00e7u aussi pour faire gagner du temps aux clients, \u00e0 chaque \u00e9tape de leur envoi. Tous les suppl\u00e9ments et taxes (hormis les douanes) sont inclus dans le prix propos\u00e9 : le client n\u2019a aucune surprise lors de la finalisation de sa commande.<\/h3>\n<h3>Egalement, vous trouverez chez DPEX un service client toujours \u00e0 votre disposition pour r\u00e9pondre \u00e0 vos questions.<\/h3>\n<p>&nbsp;<\/p>\n<p>&nbsp;<\/p>\n<p>&nbsp;<\/p>\n<p>&nbsp;<\/p>\n<p>&nbsp;<\/p>\n<\/div>","protected":false},"excerpt":{"rendered":"<p>Vous aider \u00e0 trouvez gratuitement les meilleurs tarifs d\u2019envoi de l\u2019ann\u00e9e&nbsp;2025 pour vos colis vers ou depuis&nbsp;le monde entier. Nous comparons et on vous donne rapidement tous les r\u00e9sultats d\u2019exp\u00e9dition les moins chers et les plus ad\u00e9quats en fonction des destinations ou des provenances. DPEX&nbsp;s.a.r.l est con\u00e7u aussi pour faire gagner du temps aux clients, [&hellip;]<\/p>\n","protected":false},"author":1,"featured_media":32,"parent":0,"menu_order":0,"comment_status":"closed","ping_status":"closed","template":"","meta":{"footnotes":""},"class_list":["post-6","page","type-page","status-publish","has-post-thumbnail","hentry"],"_links":{"self":[{"href":"https:\/\/dpex-maroc.com\/index.php\/wp-json\/wp\/v2\/pages\/6","targetHints":{"allow":["GET"]}}],"collection":[{"href":"https:\/\/dpex-maroc.com\/index.php\/wp-json\/wp\/v2\/pages"}],"about":[{"href":"https:\/\/dpex-maroc.com\/index.php\/wp-json\/wp\/v2\/types\/page"}],"author":[{"embeddable":true,"href":"https:\/\/dpex-maroc.com\/index.php\/wp-json\/wp\/v2\/users\/1"}],"replies":[{"embeddable":true,"href":"https:\/\/dpex-maroc.com\/index.php\/wp-json\/wp\/v2\/comments?post=6"}],"version-history":[{"count":7,"href":"https:\/\/dpex-maroc.com\/index.php\/wp-json\/wp\/v2\/pages\/6\/revisions"}],"predecessor-version":[{"id":614,"href":"https:\/\/dpex-maroc.com\/index.php\/wp-json\/wp\/v2\/pages\/6\/revisions\/614"}],"wp:featuredmedia":[{"embeddable":true,"href":"https:\/\/dpex-maroc.com\/index.php\/wp-json\/wp\/v2\/media\/32"}],"wp:attachment":[{"href":"https:\/\/dpex-maroc.com\/index.php\/wp-json\/wp\/v2\/media?parent=6"}],"curies":[{"name":"wp","href":"https:\/\/api.w.org\/{rel}","templated":true}]}}