{"id":54,"date":"2018-03-17T23:32:37","date_gmt":"2018-03-17T23:32:37","guid":{"rendered":"http:\/\/dpex-maroc.com\/?page_id=54"},"modified":"2020-04-13T20:21:29","modified_gmt":"2020-04-13T20:21:29","slug":"bordereau-denlevement","status":"publish","type":"page","link":"https:\/\/dpex-maroc.com\/index.php\/bordereau-denlevement\/","title":{"rendered":"Bordereau d&rsquo;enl\u00e8vement"},"content":{"rendered":"<div style=\"background-repeat: no-repeat;\"><p>Avec Dpex, vous pouvez \u00e9galement remplir en ligne et au clavier le bordereau d\u2019enl\u00e8vement, l\u2019imprimer et nous contacter pour ramassage.<br \/>\n<strong><span style=\"color: #0000ff;\">1-<\/span><\/strong>Remplir en Ligne<br \/>\n\n<!-- G\u00e9n\u00e9ration r\u00e9alis\u00e9e avec Document Gallery. Obtenez votre version ici :http:\/\/wordpress.org\/extend\/plugins\/document-gallery -->\n<div id=\"document-gallery-1\" class=\"document-gallery\" data-shortcode='{\"id\":54,\"include\":\"\",\"exclude\":\"\",\"attachment_pg\":false,\"columns\":4,\"descriptions\":false,\"fancy\":true,\"limit\":-1,\"mime_types\":\"application,video,text,audio,image\",\"new_window\":false,\"order\":\"ASC\",\"orderby\":\"menu_order\",\"paginate\":true,\"post_status\":\"any\",\"post_type\":\"attachment\",\"relation\":\"AND\",\"skip\":0}' data-icon-width='24'>\n<div class='document-icon-row'>\n   <div class=\"document-icon\">\n      <a href=\"https:\/\/dpex-maroc.com\/wp-content\/uploads\/2018\/03\/Bordereau.pdf\" target=\"_self\">\n         <img decoding=\"async\" src=\"https:\/\/dpex-maroc.com\/wp-content\/uploads\/2018\/03\/Bordereau-thumb.png\" title=\"Bordereau\" alt=\"Bordereau\" data-ext=\"pdf\"\/>\n         <span class=\"title\">Bordereau<\/span>\n      <\/a>\n   <\/div>\n\n<\/div>\n<\/div><br \/>\n<strong><span style=\"color: #0000ff;\">2-<\/span><\/strong>T\u00e9l\u00e9charger<br \/>\n<!DOCTYPE html><br \/>\n<html><br \/>\n<body><\/p>\n<p>\n<p><a href=\"http:\/\/dpex-maroc.com\/wp-content\/uploads\/2018\/03\/Bordereau.pdf\" download><br \/>\n  <img decoding=\"async\" src=\"http:\/\/dpex-maroc.com\/wp-content\/uploads\/2020\/04\/t\u00e9l\u00e9chargement.jpg\" alt=\"W3Schools\" width=\"104\" height=\"142\"><br \/>\n<\/a><br \/>\n<\/body><br \/>\n<\/html><br \/>\n&nbsp;<\/p>\n<a href=\"https:\/\/dpex-maroc.com\/wp-content\/uploads\/2018\/03\/Bordereau.pdf\" class=\"pdfemb-viewer\" style=\"\" data-width=\"max\" data-height=\"max\"  data-toolbar=\"bottom\" data-toolbar-fixed=\"off\">Bordereau<br\/><\/a>\n<\/div>","protected":false},"excerpt":{"rendered":"<p>Avec Dpex, vous pouvez \u00e9galement remplir en ligne et au clavier le bordereau d\u2019enl\u00e8vement, l\u2019imprimer et nous contacter pour ramassage. 1-Remplir en Ligne 2-T\u00e9l\u00e9charger &nbsp;<\/p>\n","protected":false},"author":1,"featured_media":221,"parent":0,"menu_order":0,"comment_status":"closed","ping_status":"closed","template":"","meta":{"footnotes":""},"class_list":["post-54","page","type-page","status-publish","has-post-thumbnail","hentry"],"_links":{"self":[{"href":"https:\/\/dpex-maroc.com\/index.php\/wp-json\/wp\/v2\/pages\/54","targetHints":{"allow":["GET"]}}],"collection":[{"href":"https:\/\/dpex-maroc.com\/index.php\/wp-json\/wp\/v2\/pages"}],"about":[{"href":"https:\/\/dpex-maroc.com\/index.php\/wp-json\/wp\/v2\/types\/page"}],"author":[{"embeddable":true,"href":"https:\/\/dpex-maroc.com\/index.php\/wp-json\/wp\/v2\/users\/1"}],"replies":[{"embeddable":true,"href":"https:\/\/dpex-maroc.com\/index.php\/wp-json\/wp\/v2\/comments?post=54"}],"version-history":[{"count":7,"href":"https:\/\/dpex-maroc.com\/index.php\/wp-json\/wp\/v2\/pages\/54\/revisions"}],"predecessor-version":[{"id":477,"href":"https:\/\/dpex-maroc.com\/index.php\/wp-json\/wp\/v2\/pages\/54\/revisions\/477"}],"wp:featuredmedia":[{"embeddable":true,"href":"https:\/\/dpex-maroc.com\/index.php\/wp-json\/wp\/v2\/media\/221"}],"wp:attachment":[{"href":"https:\/\/dpex-maroc.com\/index.php\/wp-json\/wp\/v2\/media?parent=54"}],"curies":[{"name":"wp","href":"https:\/\/api.w.org\/{rel}","templated":true}]}}