{"id":46,"date":"2018-03-17T23:31:03","date_gmt":"2018-03-17T23:31:03","guid":{"rendered":"http:\/\/dpex-maroc.com\/?page_id=46"},"modified":"2021-11-20T21:38:29","modified_gmt":"2021-11-20T21:38:29","slug":"suivi-de-vos-expeditions","status":"publish","type":"page","link":"https:\/\/dpex-maroc.com\/index.php\/suivi-de-vos-expeditions\/","title":{"rendered":"Suivi"},"content":{"rendered":"<div style=\"background-image: url('http:\/\/dpex-maroc.com\/wp-content\/uploads\/2018\/03\/monde1.jpg');background-repeat: no-repeat;\"><h2 style=\"text-align: center;\">Avec DPEX vous pouvez suivre vos exp\u00e9ditions en toute tranquillit\u00e9 et en temps r\u00e9el.<br \/>\nIl suffit juste d&rsquo;ins\u00e9rer votre num\u00e9ro de <a href=\"https:\/\/dpexmaroc6z.aftership.com\">Suivi<\/a>.<\/h2>\n<div class='white' style='background:rgba(0,0,0,0); border:solid 0px rgba(0,0,0,0); border-radius:0px; padding:0px 0px 0px 0px;'>\n<div id='slider_317' class='owl-carousel autohide-arrows sa_owl_theme'>\n<div id='slider_317_slide01' class='sa_hover_container' style='padding:5% 5%; margin:0px 0%; background-image:url(&quot;https:\/\/dpex-maroc.com\/wp-content\/uploads\/2019\/08\/Ramassage.jpg&quot;); background-position:center center; background-size:100% auto; background-repeat:no-repeat; background-color:rgba(0,0,0,0); '><\/div>\n<div id='slider_317_slide02' class='sa_hover_container' style='padding:5% 5%; margin:0px 0%; background-image:url(&quot;https:\/\/dpex-maroc.com\/wp-content\/uploads\/2019\/08\/Transit.jpg&quot;); background-position:center center; background-size:100% auto; background-repeat:no-repeat; background-color:rgba(0,0,0,0); '><\/div>\n<div id='slider_317_slide03' class='sa_hover_container' style='padding:5% 5%; margin:0px 0%; background-image:url(&quot;https:\/\/dpex-maroc.com\/wp-content\/uploads\/2019\/08\/En-Livraison.jpg&quot;); background-position:center center; background-size:100% auto; background-repeat:no-repeat; background-color:rgba(0,0,0,0); '><\/div>\n<div id='slider_317_slide04' class='sa_hover_container' style='padding:5% 5%; margin:0px 0%; background-image:url(&quot;https:\/\/dpex-maroc.com\/wp-content\/uploads\/2019\/08\/Livre.jpg&quot;); background-position:center center; background-size:100% auto; background-repeat:no-repeat; background-color:rgba(0,0,0,0); '><\/div>\n<\/div>\n<\/div>\n\n<p>&nbsp;<\/p>\n<p>&nbsp;<\/p>\n<p>&nbsp;<\/p>\n<p>&nbsp;<\/p>\n<p>&nbsp;<\/p>\n<p>&nbsp;<\/p>\n<p>&nbsp;<\/p>\n<p>&nbsp;<\/p>\n<p>&nbsp;<\/p>\n<p>&nbsp;<\/p>\n<p>&nbsp;<\/p>\n<p>&nbsp;<\/p>\n<\/div>","protected":false},"excerpt":{"rendered":"<p>Avec DPEX vous pouvez suivre vos exp\u00e9ditions en toute tranquillit\u00e9 et en temps r\u00e9el. Il suffit juste d&rsquo;ins\u00e9rer votre num\u00e9ro de Suivi. &nbsp; &nbsp; &nbsp; &nbsp; &nbsp; &nbsp; &nbsp; &nbsp; &nbsp; &nbsp; &nbsp; &nbsp;<\/p>\n","protected":false},"author":1,"featured_media":103,"parent":0,"menu_order":0,"comment_status":"closed","ping_status":"closed","template":"","meta":{"footnotes":""},"class_list":["post-46","page","type-page","status-publish","has-post-thumbnail","hentry"],"_links":{"self":[{"href":"https:\/\/dpex-maroc.com\/index.php\/wp-json\/wp\/v2\/pages\/46","targetHints":{"allow":["GET"]}}],"collection":[{"href":"https:\/\/dpex-maroc.com\/index.php\/wp-json\/wp\/v2\/pages"}],"about":[{"href":"https:\/\/dpex-maroc.com\/index.php\/wp-json\/wp\/v2\/types\/page"}],"author":[{"embeddable":true,"href":"https:\/\/dpex-maroc.com\/index.php\/wp-json\/wp\/v2\/users\/1"}],"replies":[{"embeddable":true,"href":"https:\/\/dpex-maroc.com\/index.php\/wp-json\/wp\/v2\/comments?post=46"}],"version-history":[{"count":22,"href":"https:\/\/dpex-maroc.com\/index.php\/wp-json\/wp\/v2\/pages\/46\/revisions"}],"predecessor-version":[{"id":556,"href":"https:\/\/dpex-maroc.com\/index.php\/wp-json\/wp\/v2\/pages\/46\/revisions\/556"}],"wp:featuredmedia":[{"embeddable":true,"href":"https:\/\/dpex-maroc.com\/index.php\/wp-json\/wp\/v2\/media\/103"}],"wp:attachment":[{"href":"https:\/\/dpex-maroc.com\/index.php\/wp-json\/wp\/v2\/media?parent=46"}],"curies":[{"name":"wp","href":"https:\/\/api.w.org\/{rel}","templated":true}]}}