{"id":456,"date":"2020-04-13T15:23:30","date_gmt":"2020-04-13T15:23:30","guid":{"rendered":"http:\/\/dpex-maroc.com\/?page_id=456"},"modified":"2025-07-29T17:33:57","modified_gmt":"2025-07-29T17:33:57","slug":"application-dpex","status":"publish","type":"page","link":"https:\/\/dpex-maroc.com\/index.php\/application-dpex\/","title":{"rendered":"Application DPEX"},"content":{"rendered":"<div style=\"background-repeat: no-repeat;\"><p>&nbsp;<\/p>\n<p>Cliquez sur la photo pour lancer le lien de t\u00e9l\u00e9chargement.<\/p>\n<p>Ou bien alignez votre appareil photo sur le QR Code si vous \u00eates sur PC.<\/p>\n<p><a href=\"https:\/\/www.mediafire.com\/file\/uhpyzt4rrbc3qxa\/DPEX_Maroc.apk\/file\" download=\"\"><br \/>\n<img decoding=\"async\" src=\"http:\/\/dpex-maroc.com\/wp-content\/uploads\/2020\/04\/Favicone_Bleu.png\" alt=\"W3Schools\" width=\"160\" height=\"160\">&nbsp; &nbsp; &nbsp; &nbsp;&nbsp;<\/a><a href=\"http:\/\/dpex-maroc.com\/wp-content\/uploads\/2020\/04\/DPEX-MAROC.png\"><img decoding=\"async\" class=\"alignnone size-full wp-image-281\" src=\"http:\/\/dpex-maroc.com\/wp-content\/uploads\/2020\/04\/DPEX-MAROC.png\" alt=\"DPEX MAROC\" width=\"200\" height=\"200\"><\/a><a href=\"https:\/\/www.mediafire.com\/file\/uhpyzt4rrbc3qxa\/DPEX_Maroc.apk\/file\" download=\"\"><br \/>\n<\/a><\/p>\n<p>&nbsp;<br \/>\n<div class='white' style='background:rgba(0,0,0,0); border:solid 0px rgba(0,0,0,0); border-radius:0px; padding:0px 0px 0px 0px;'>\n<div id='slider_463' class='owl-carousel autohide-arrows sa_owl_theme'>\n<div id='slider_463_slide01' class='sa_hover_container' style='padding:5% 5%; margin:0px 0%; background-image:url(&quot;&quot;); background-position:center center; background-size:contain; background-repeat:no-repeat; background-color:rgba(0,0,0,0); '><p><img fetchpriority=\"high\" decoding=\"async\" class=\"aligncenter size-full wp-image-464\" src=\"http:\/\/dpex-maroc.com\/wp-content\/uploads\/2020\/04\/Apk_1.jpg\" alt=\"\" width=\"356\" height=\"672\" srcset=\"https:\/\/dpex-maroc.com\/wp-content\/uploads\/2020\/04\/Apk_1.jpg 356w, https:\/\/dpex-maroc.com\/wp-content\/uploads\/2020\/04\/Apk_1-159x300.jpg 159w\" sizes=\"(max-width: 356px) 100vw, 356px\" \/><\/p><\/div>\n<div id='slider_463_slide02' class='sa_hover_container' style='padding:5% 5%; margin:0px 0%; background-image:url(&quot;&quot;); background-position:center center; background-size:contain; background-repeat:no-repeat; background-color:rgba(0,0,0,0); '><p><img loading=\"lazy\" decoding=\"async\" class=\"aligncenter size-full wp-image-465\" src=\"http:\/\/dpex-maroc.com\/wp-content\/uploads\/2020\/04\/Apk_2.jpg\" alt=\"\" width=\"353\" height=\"669\" srcset=\"https:\/\/dpex-maroc.com\/wp-content\/uploads\/2020\/04\/Apk_2.jpg 353w, https:\/\/dpex-maroc.com\/wp-content\/uploads\/2020\/04\/Apk_2-158x300.jpg 158w\" sizes=\"(max-width: 353px) 100vw, 353px\" \/><\/p><\/div>\n<div id='slider_463_slide03' class='sa_hover_container' style='padding:5% 5%; margin:0px 0%; background-image:url(&quot;&quot;); background-position:center center; background-size:contain; background-repeat:no-repeat; background-color:rgba(0,0,0,0); '><p><img loading=\"lazy\" decoding=\"async\" class=\"aligncenter size-full wp-image-466\" src=\"http:\/\/dpex-maroc.com\/wp-content\/uploads\/2020\/04\/Apk_3.jpg\" alt=\"\" width=\"352\" height=\"670\" srcset=\"https:\/\/dpex-maroc.com\/wp-content\/uploads\/2020\/04\/Apk_3.jpg 352w, https:\/\/dpex-maroc.com\/wp-content\/uploads\/2020\/04\/Apk_3-158x300.jpg 158w\" sizes=\"(max-width: 352px) 100vw, 352px\" \/><\/p><\/div>\n<\/div>\n<\/div>\n<\/p>\n<\/div>","protected":false},"excerpt":{"rendered":"<p>&nbsp; Cliquez sur la photo pour lancer le lien de t\u00e9l\u00e9chargement. Ou bien alignez votre appareil photo sur le QR Code si vous \u00eates sur PC. &nbsp; &nbsp; &nbsp; &nbsp;&nbsp; &nbsp;<\/p>\n","protected":false},"author":1,"featured_media":471,"parent":0,"menu_order":0,"comment_status":"closed","ping_status":"closed","template":"","meta":{"footnotes":""},"class_list":["post-456","page","type-page","status-publish","has-post-thumbnail","hentry"],"_links":{"self":[{"href":"https:\/\/dpex-maroc.com\/index.php\/wp-json\/wp\/v2\/pages\/456","targetHints":{"allow":["GET"]}}],"collection":[{"href":"https:\/\/dpex-maroc.com\/index.php\/wp-json\/wp\/v2\/pages"}],"about":[{"href":"https:\/\/dpex-maroc.com\/index.php\/wp-json\/wp\/v2\/types\/page"}],"author":[{"embeddable":true,"href":"https:\/\/dpex-maroc.com\/index.php\/wp-json\/wp\/v2\/users\/1"}],"replies":[{"embeddable":true,"href":"https:\/\/dpex-maroc.com\/index.php\/wp-json\/wp\/v2\/comments?post=456"}],"version-history":[{"count":11,"href":"https:\/\/dpex-maroc.com\/index.php\/wp-json\/wp\/v2\/pages\/456\/revisions"}],"predecessor-version":[{"id":503,"href":"https:\/\/dpex-maroc.com\/index.php\/wp-json\/wp\/v2\/pages\/456\/revisions\/503"}],"wp:featuredmedia":[{"embeddable":true,"href":"https:\/\/dpex-maroc.com\/index.php\/wp-json\/wp\/v2\/media\/471"}],"wp:attachment":[{"href":"https:\/\/dpex-maroc.com\/index.php\/wp-json\/wp\/v2\/media?parent=456"}],"curies":[{"name":"wp","href":"https:\/\/api.w.org\/{rel}","templated":true}]}}