{"id":42,"date":"2018-03-17T23:30:22","date_gmt":"2018-03-17T23:30:22","guid":{"rendered":"http:\/\/dpex-maroc.com\/?page_id=42"},"modified":"2018-04-04T20:26:12","modified_gmt":"2018-04-04T20:26:12","slug":"calculer-le-poids-volumetrique","status":"publish","type":"page","link":"https:\/\/dpex-maroc.com\/index.php\/calculer-le-poids-volumetrique\/","title":{"rendered":"Calculer le poids volum\u00e9trique"},"content":{"rendered":"<div style=\"background-image: url('http:\/\/dpex-maroc.com\/wp-content\/uploads\/2018\/03\/monde1.jpg');background-repeat: no-repeat;\"><p>&nbsp;<\/p>\n<p style=\"text-align: justify;\">La\u00a0convention internationale IATA (International Air Transport Association) pr\u00e9voit que le co\u00fbt des envois internationaux peut \u00eatre soumis \u00e0 un calcul qui tient compte d\u2019une formule particuli\u00e8re.<\/p>\n<p style=\"text-align: justify;\">G\u00e9n\u00e9ralement et quel que soit le moyen de transport utilis\u00e9, les transporteurs appliquent\u00a0la formule dite du poids volum\u00e9trique qui permet de calculer un poids fictif donn\u00e9 par la formule suivante :<br \/>\nPoids volum\u00e9trique = (L x l x h) exprim\u00e9s en cm divis\u00e9 par soit 4000, 5000 ou 6000 selon les r\u00e8gles instaur\u00e9es par le transporteur.<\/p>\n<p style=\"text-align: justify;\">Pour calculer le prix d\u00b4un service, les transporteurs utilisent g\u00e9n\u00e9ralement la valeur la plus \u00e9lev\u00e9e entre le poids r\u00e9el et le poids volum\u00e9trique.<br \/>\n    <style type=\"text\/css\">\n        @import url(https:\/\/dpex-maroc.com\/wp-content\/plugins\/jazzy-forms\/front\/themes\/1.css);\n    <\/style>\n    <script type=\"text\/javascript\">\n        if(typeof(jzzf_forms) == \"undefined\") {\n            jzzf_forms = [];\n        }\n        var graph = {\n            \"data\": {\"element\":[\"5000\"]},\n            \"types\": {\"longueur\":\"n\",\"largeur\":\"n\",\"hauteur\":\"n\",\"element\":\"d\",\"poids_taxable\":\"f\",\"reset\":\"x\"},\n            \"dependencies\": {\"element\":[\"poids_taxable\"],\"hauteur\":[\"poids_taxable\"],\"largeur\":[\"poids_taxable\"],\"longueur\":[\"poids_taxable\"]},\n            \"formulas\": {\"poids_taxable\":[\"o\",\"*\",[\"v\",\"longueur\"],[\"o\",\"*\",[\"v\",\"largeur\"],[\"o\",\"\\\/\",[\"v\",\"hauteur\"],[\"v\",\"element\"]]]]},\n            \"templates\": [],\n            \"form\": {\"id\":1,\"title\":\"Poids volume\",\"name\":\"poids_volume\",\"theme\":1,\"realtime\":true,\"incomplete\":\"\",\"email\":null},\n            \"params\": {\"poids_taxable\":{\"prefix\":\"\",\"postfix\":\"  kg\",\"zeros\":0,\"decimals\":2,\"fixed\":false,\"thousands\":\"\",\"point\":\".\"}},\n            \"email\": null,\n            \"required\": {}        };\n        var jzzf_ajax_url = \"https:\/\/dpex-maroc.com\/wp-admin\/admin-ajax.php\";\n        jzzf_forms.push({\"id\": 1, \"data\": graph});        \n    <\/script>\n<form class=\"jzzf_form jzzf_form_1\">\n<div id=\"jzzf_form_error_1\" class=\"jzzf_form_error\" style=\"display: none\"><\/div>\n<ul class=\"jzzf_form_elements\">\n      <li class=\"jzzf_row\">\n      <div class=\"jzzf_element jzzf_element_n jzzf_ahead_n jzzf_break jzzf_quarter\" >\n    <label class=\"jzzf_number_label jzzf_element_label\" for=\"jzzf_1_longueur\">Longueur<\/label><input type=\"text\" id=\"jzzf_1_longueur\" value=\"\">\n  <div class=\"jzzf_error\"><\/div>\n  <\/div>\n              <div class=\"jzzf_element jzzf_element_n jzzf_ahead_n jzzf_no_break jzzf_quarter\" >\n    <label class=\"jzzf_number_label jzzf_element_label\" for=\"jzzf_1_largeur\">Largeur<\/label><input type=\"text\" id=\"jzzf_1_largeur\" value=\"\">\n  <div class=\"jzzf_error\"><\/div>\n  <\/div>\n              <div class=\"jzzf_element jzzf_element_n jzzf_ahead_d jzzf_no_break jzzf_quarter\" >\n    <label class=\"jzzf_number_label jzzf_element_label\" for=\"jzzf_1_hauteur\">Hauteur<\/label><input type=\"text\" id=\"jzzf_1_hauteur\" value=\"\">\n  <div class=\"jzzf_error\"><\/div>\n  <\/div>\n              <div class=\"jzzf_element jzzf_element_d jzzf_ahead_f jzzf_no_break jzzf_quarter\" >\n    <label class=\"jzzf_element_label jzzf_dropdown_label\" for=\"jzzf_1_element\">Division<\/label><select id=\"jzzf_1_element\">\n        <option selected=\"selected\">5000<\/option>\n        <\/select>\n  <div class=\"jzzf_error\"><\/div>\n  <\/div>\n          <div class=\"jzzf_message\"><\/div>\n  <div class=\"clear\"><\/div>\n  <\/li>\n              <li class=\"jzzf_row\">\n      <div class=\"jzzf_element jzzf_element_f jzzf_ahead_x jzzf_break jzzf_quarter\" >\n        <label class=\"jzzf_element_label jzzf_output_label\" for=\"jzzf_1_poids_taxable\">Poids Taxable<\/label><input type=\"text\" readonly=\"readonly\" id=\"jzzf_1_poids_taxable\" value=\"...\">\n  <div class=\"jzzf_error\"><\/div>\n  <\/div>\n          <div class=\"jzzf_message\"><\/div>\n  <div class=\"clear\"><\/div>\n  <\/li>\n              <li class=\"jzzf_row\">\n      <div class=\"jzzf_element jzzf_element_x jzzf_ahead_ jzzf_break jzzf_quarter\" >\n        <input type=\"reset\" id=\"jzzf_1_reset\" value=\"Annuler\">\n  <div class=\"jzzf_error\"><\/div>\n  <\/div>\n          <div class=\"jzzf_message\"><\/div>\n  <div class=\"clear\"><\/div>\n  <\/li>\n        <\/ul>\n<\/form>\n<\/p>\n<p>&nbsp;<\/p>\n<hr \/>\n<p>&nbsp;<\/p>\n<p>&nbsp;<\/p>\n<\/div>","protected":false},"excerpt":{"rendered":"<p>&nbsp; La\u00a0convention internationale IATA (International Air Transport Association) pr\u00e9voit que le co\u00fbt des envois internationaux peut \u00eatre soumis \u00e0 un calcul qui tient compte d\u2019une formule particuli\u00e8re. G\u00e9n\u00e9ralement et quel que soit le moyen de transport utilis\u00e9, les transporteurs appliquent\u00a0la formule dite du poids volum\u00e9trique qui permet de calculer un poids fictif donn\u00e9 par la [&hellip;]<\/p>\n","protected":false},"author":1,"featured_media":178,"parent":0,"menu_order":0,"comment_status":"closed","ping_status":"closed","template":"","meta":{"footnotes":""},"class_list":["post-42","page","type-page","status-publish","has-post-thumbnail","hentry"],"_links":{"self":[{"href":"https:\/\/dpex-maroc.com\/index.php\/wp-json\/wp\/v2\/pages\/42","targetHints":{"allow":["GET"]}}],"collection":[{"href":"https:\/\/dpex-maroc.com\/index.php\/wp-json\/wp\/v2\/pages"}],"about":[{"href":"https:\/\/dpex-maroc.com\/index.php\/wp-json\/wp\/v2\/types\/page"}],"author":[{"embeddable":true,"href":"https:\/\/dpex-maroc.com\/index.php\/wp-json\/wp\/v2\/users\/1"}],"replies":[{"embeddable":true,"href":"https:\/\/dpex-maroc.com\/index.php\/wp-json\/wp\/v2\/comments?post=42"}],"version-history":[{"count":11,"href":"https:\/\/dpex-maroc.com\/index.php\/wp-json\/wp\/v2\/pages\/42\/revisions"}],"predecessor-version":[{"id":229,"href":"https:\/\/dpex-maroc.com\/index.php\/wp-json\/wp\/v2\/pages\/42\/revisions\/229"}],"wp:featuredmedia":[{"embeddable":true,"href":"https:\/\/dpex-maroc.com\/index.php\/wp-json\/wp\/v2\/media\/178"}],"wp:attachment":[{"href":"https:\/\/dpex-maroc.com\/index.php\/wp-json\/wp\/v2\/media?parent=42"}],"curies":[{"name":"wp","href":"https:\/\/api.w.org\/{rel}","templated":true}]}}