{"id":4,"date":"2018-03-17T22:43:36","date_gmt":"2018-03-17T22:43:36","guid":{"rendered":"http:\/\/dpex-maroc.com\/?page_id=4"},"modified":"2021-11-29T21:03:29","modified_gmt":"2021-11-29T21:03:29","slug":"presentation","status":"publish","type":"page","link":"https:\/\/dpex-maroc.com\/index.php\/presentation\/","title":{"rendered":"Pr\u00e9sentation"},"content":{"rendered":"<div style=\"background-image: url('http:\/\/dpex-maroc.com\/wp-content\/uploads\/2018\/03\/monde.jpg');background-repeat: no-repeat;\"><p style=\"text-align: left;\">DPEX s.a.r.l&nbsp;est n\u00e9 avec l\u00b4ambition d\u2019aider les entreprises et les particuliers \u00e0 avoir acc\u00e8s \u00e0 un service simple et \u00e9conomique pour r\u00e9aliser leurs envois ainsi que le d\u00e9sir de satisfaire le moindre besoin de nos clients en import ou export de marchandises de toutes sortes de volume que \u00e7a soit en avion, en camion ou en bateau.<\/p>\n<p>&nbsp;<\/p>\n<p><iframe src=\"https:\/\/www.youtube.com\/embed\/jeruHt_mtKQ?autoplay=0\" width=\"300\" height=\"180\" frameborder=\"0\" allowfullscreen=\"\"><\/iframe><br \/>\n&nbsp;<\/p>\n<p>&nbsp;<\/p>\n<p>&nbsp;<\/p>\n<p>&nbsp;<\/p>\n<p>&nbsp;<\/p>\n<p>&nbsp;<\/p>\n<p>&nbsp;<\/p>\n<p>&nbsp;<\/p>\n<p>&nbsp;<\/p>\n<\/div>","protected":false},"excerpt":{"rendered":"<p>DPEX s.a.r.l&nbsp;est n\u00e9 avec l\u00b4ambition d\u2019aider les entreprises et les particuliers \u00e0 avoir acc\u00e8s \u00e0 un service simple et \u00e9conomique pour r\u00e9aliser leurs envois ainsi que le d\u00e9sir de satisfaire le moindre besoin de nos clients en import ou export de marchandises de toutes sortes de volume que \u00e7a soit en avion, en camion ou [&hellip;]<\/p>\n","protected":false},"author":1,"featured_media":32,"parent":0,"menu_order":0,"comment_status":"closed","ping_status":"closed","template":"","meta":{"footnotes":""},"class_list":["post-4","page","type-page","status-publish","has-post-thumbnail","hentry"],"_links":{"self":[{"href":"https:\/\/dpex-maroc.com\/index.php\/wp-json\/wp\/v2\/pages\/4","targetHints":{"allow":["GET"]}}],"collection":[{"href":"https:\/\/dpex-maroc.com\/index.php\/wp-json\/wp\/v2\/pages"}],"about":[{"href":"https:\/\/dpex-maroc.com\/index.php\/wp-json\/wp\/v2\/types\/page"}],"author":[{"embeddable":true,"href":"https:\/\/dpex-maroc.com\/index.php\/wp-json\/wp\/v2\/users\/1"}],"replies":[{"embeddable":true,"href":"https:\/\/dpex-maroc.com\/index.php\/wp-json\/wp\/v2\/comments?post=4"}],"version-history":[{"count":7,"href":"https:\/\/dpex-maroc.com\/index.php\/wp-json\/wp\/v2\/pages\/4\/revisions"}],"predecessor-version":[{"id":590,"href":"https:\/\/dpex-maroc.com\/index.php\/wp-json\/wp\/v2\/pages\/4\/revisions\/590"}],"wp:featuredmedia":[{"embeddable":true,"href":"https:\/\/dpex-maroc.com\/index.php\/wp-json\/wp\/v2\/media\/32"}],"wp:attachment":[{"href":"https:\/\/dpex-maroc.com\/index.php\/wp-json\/wp\/v2\/media?parent=4"}],"curies":[{"name":"wp","href":"https:\/\/api.w.org\/{rel}","templated":true}]}}