{"id":21,"date":"2018-03-17T22:53:55","date_gmt":"2018-03-17T22:53:55","guid":{"rendered":"http:\/\/dpex-maroc.com\/?page_id=21"},"modified":"2021-11-22T16:41:06","modified_gmt":"2021-11-22T16:41:06","slug":"pourqoui-choisir-dpex","status":"publish","type":"page","link":"https:\/\/dpex-maroc.com\/index.php\/pourqoui-choisir-dpex\/","title":{"rendered":"Pourquoi choisir DPEX"},"content":{"rendered":"<div style=\"background-repeat: no-repeat;\"><p>Il y a 3 bonnes raisons pour choisir DPEX :<\/p>\n<p><strong><span style=\"color: #0000ff;\">1-<\/span><\/strong> Vous \u00eates s\u00fbr de pouvoir r\u00e9aliser un envoi moins cher ! R\u00e9alisez vos envois de colis&nbsp;dans le monde entier et b\u00e9n\u00e9ficiez de tarifs exclusifs gr\u00e2ce aux accords conclus avec nos transporteurs : jusqu\u2019 \u00e0 -70% de remise sur vos envois internationaux et jusqu\u2019\u00e0 -50% sur vos envois au Maroc.<\/p>\n<p><strong><span style=\"color: #0000ff;\">2-<\/span><\/strong> Profitez d\u2019un service de qualit\u00e9 : Tous nos partenaires, les experts du transport de colis, sont choisis pour leur fiabilit\u00e9, rapidit\u00e9 et connaissance du march\u00e9 ! DHL,&nbsp;FedEx, TNT, UPS, Aramex, Chronopost\u2026<\/p>\n<p><strong><span style=\"color: #0000ff;\">3-<\/span><\/strong> Avec DPEX vous ne perdez plus le temps de chercher le bon transporteur, vous b\u00e9n\u00e9ficiez de tarifs instantan\u00e9s jusqu\u2019\u00e0 -70%<\/p>\n<\/div>","protected":false},"excerpt":{"rendered":"<p>Il y a 3 bonnes raisons pour choisir DPEX : 1- Vous \u00eates s\u00fbr de pouvoir r\u00e9aliser un envoi moins cher ! R\u00e9alisez vos envois de colis&nbsp;dans le monde entier et b\u00e9n\u00e9ficiez de tarifs exclusifs gr\u00e2ce aux accords conclus avec nos transporteurs : jusqu\u2019 \u00e0 -70% de remise sur vos envois internationaux et jusqu\u2019\u00e0 -50% [&hellip;]<\/p>\n","protected":false},"author":1,"featured_media":32,"parent":0,"menu_order":0,"comment_status":"closed","ping_status":"closed","template":"","meta":{"footnotes":""},"class_list":["post-21","page","type-page","status-publish","has-post-thumbnail","hentry"],"_links":{"self":[{"href":"https:\/\/dpex-maroc.com\/index.php\/wp-json\/wp\/v2\/pages\/21","targetHints":{"allow":["GET"]}}],"collection":[{"href":"https:\/\/dpex-maroc.com\/index.php\/wp-json\/wp\/v2\/pages"}],"about":[{"href":"https:\/\/dpex-maroc.com\/index.php\/wp-json\/wp\/v2\/types\/page"}],"author":[{"embeddable":true,"href":"https:\/\/dpex-maroc.com\/index.php\/wp-json\/wp\/v2\/users\/1"}],"replies":[{"embeddable":true,"href":"https:\/\/dpex-maroc.com\/index.php\/wp-json\/wp\/v2\/comments?post=21"}],"version-history":[{"count":7,"href":"https:\/\/dpex-maroc.com\/index.php\/wp-json\/wp\/v2\/pages\/21\/revisions"}],"predecessor-version":[{"id":565,"href":"https:\/\/dpex-maroc.com\/index.php\/wp-json\/wp\/v2\/pages\/21\/revisions\/565"}],"wp:featuredmedia":[{"embeddable":true,"href":"https:\/\/dpex-maroc.com\/index.php\/wp-json\/wp\/v2\/media\/32"}],"wp:attachment":[{"href":"https:\/\/dpex-maroc.com\/index.php\/wp-json\/wp\/v2\/media?parent=21"}],"curies":[{"name":"wp","href":"https:\/\/api.w.org\/{rel}","templated":true}]}}