{"id":19,"date":"2018-03-17T22:53:22","date_gmt":"2018-03-17T22:53:22","guid":{"rendered":"http:\/\/dpex-maroc.com\/?page_id=19"},"modified":"2018-03-21T19:25:59","modified_gmt":"2018-03-21T19:25:59","slug":"notre-strategie","status":"publish","type":"page","link":"https:\/\/dpex-maroc.com\/index.php\/notre-strategie\/","title":{"rendered":"Notre strat\u00e9gie"},"content":{"rendered":"<div style=\"background-image: url('http:\/\/dpex-maroc.com\/wp-content\/uploads\/2018\/03\/monde1.jpg');background-repeat: no-repeat;\"><p>DPEX centralise les offres des leaders du transport express et permet aux entreprises ou aux particuliers de r\u00e9duire leurs d\u00e9lais d\u2019acheminement tout en \u00e9conomisant. Plus de 220 destinations sont accessibles \u00e0 l\u2019import et \u00e0 l\u2019export. L\u2019enl\u00e8vement des colis se fait \u00e0 domicile, et le destinataire re\u00e7oit ce dernier directement chez lui (ou \u00e0 son adresse professionnelle).<\/p>\n<p>Nous collaborons avec les transporteurs nationaux et internationaux reconnus pour la qualit\u00e9 de leurs services. Que vous soyez un particulier ou une entreprise, nous vous donnons acc\u00e8s \u00e0 des services d\u00b4exp\u00e9ditions vari\u00e9es, \u00e0 des prix tr\u00e8s comp\u00e9titifs.<\/p>\n<p>&nbsp;<\/p>\n<p>&nbsp;<\/p>\n<p>&nbsp;<\/p>\n<hr \/>\n<p>&nbsp;<\/p>\n<\/div>","protected":false},"excerpt":{"rendered":"<p>DPEX centralise les offres des leaders du transport express et permet aux entreprises ou aux particuliers de r\u00e9duire leurs d\u00e9lais d\u2019acheminement tout en \u00e9conomisant. Plus de 220 destinations sont accessibles \u00e0 l\u2019import et \u00e0 l\u2019export. L\u2019enl\u00e8vement des colis se fait \u00e0 domicile, et le destinataire re\u00e7oit ce dernier directement chez lui (ou \u00e0 son adresse [&hellip;]<\/p>\n","protected":false},"author":1,"featured_media":32,"parent":0,"menu_order":0,"comment_status":"closed","ping_status":"closed","template":"","meta":{"footnotes":""},"class_list":["post-19","page","type-page","status-publish","has-post-thumbnail","hentry"],"_links":{"self":[{"href":"https:\/\/dpex-maroc.com\/index.php\/wp-json\/wp\/v2\/pages\/19","targetHints":{"allow":["GET"]}}],"collection":[{"href":"https:\/\/dpex-maroc.com\/index.php\/wp-json\/wp\/v2\/pages"}],"about":[{"href":"https:\/\/dpex-maroc.com\/index.php\/wp-json\/wp\/v2\/types\/page"}],"author":[{"embeddable":true,"href":"https:\/\/dpex-maroc.com\/index.php\/wp-json\/wp\/v2\/users\/1"}],"replies":[{"embeddable":true,"href":"https:\/\/dpex-maroc.com\/index.php\/wp-json\/wp\/v2\/comments?post=19"}],"version-history":[{"count":3,"href":"https:\/\/dpex-maroc.com\/index.php\/wp-json\/wp\/v2\/pages\/19\/revisions"}],"predecessor-version":[{"id":203,"href":"https:\/\/dpex-maroc.com\/index.php\/wp-json\/wp\/v2\/pages\/19\/revisions\/203"}],"wp:featuredmedia":[{"embeddable":true,"href":"https:\/\/dpex-maroc.com\/index.php\/wp-json\/wp\/v2\/media\/32"}],"wp:attachment":[{"href":"https:\/\/dpex-maroc.com\/index.php\/wp-json\/wp\/v2\/media?parent=19"}],"curies":[{"name":"wp","href":"https:\/\/api.w.org\/{rel}","templated":true}]}}